{"id":1379,"date":"2020-08-07T12:11:37","date_gmt":"2020-08-07T11:11:37","guid":{"rendered":"http:\/\/wpsoltis.ayoube.com\/politiques-des-cookies\/"},"modified":"2021-02-17T10:24:24","modified_gmt":"2021-02-17T09:24:24","slug":"cookiebeleid","status":"publish","type":"page","link":"https:\/\/soltis.be\/nl\/cookiebeleid\/","title":{"rendered":"Cookiebeleid"},"content":{"rendered":"\n<div class=\"wp-block-group container\"><div class=\"wp-block-group__inner-container is-layout-flow wp-block-group-is-layout-flow\">\n<p>La confidentialit\u00e9 et la s\u00e9curit\u00e9 sont de la plus haute importance pour la soci\u00e9t\u00e9 SOLTIS SA (ci-apr\u00e8s Soltis ou nous ou notre soci\u00e9t\u00e9) ayant son si\u00e8ge \u00e0 Avenue Henri Dunant 31, 1140 Bruxelles d&#8217;entreprise BE0897785181. Nous faisons tout pour assurer que nos mesures techniques et organisationnelles en place respectent vos droits relatifs \u00e0 la protection des donn\u00e9es.<\/p>\n\n\n\n<p>Cette Politique de confidentialit\u00e9 d\u00e9crit nos r\u00e8gles concernant la gestion, le traitement et le stockage des donn\u00e9es personnelles soumises dans le cadre de nos services. Le terme \u00ab donn\u00e9es personnelles \u00bb d\u00e9signe les informations relatives \u00e0 une personne physique identifi\u00e9e ou qui peut \u00eatre identifi\u00e9e.<\/p>\n\n\n\n<div style=\"height:20px\" aria-hidden=\"true\" class=\"wp-block-spacer\"><\/div>\n\n\n\n<h2 class=\"wp-block-heading\">Consentement<\/h2>\n\n\n\n<p>En s&#8217;inscrivant \u00e0 nos services ou en remplissant un formulaire de contact sur notre site http:\/\/soltis.be, vous convenez et acceptez que Soltis puisse recueillir, traiter, stocker et\/ou utiliser les donn\u00e9es personnelles soumises en conformit\u00e9 avec les r\u00e8gles expos\u00e9es ci-apr\u00e8s.<\/p>\n\n\n\n<p>En nous donnant votre consentement, vous conservez \u00e9galement le droit de rectification, le droit \u00e0 l&#8217;oubli et\/ou le droit \u00e0 la suppression de vos donn\u00e9es personnelles.<\/p>\n\n\n\n<p>Donn\u00e9es personnelles collect\u00e9es<br>Coordonn\u00e9es du responsable de traitement de donn\u00e9es<\/p>\n\n\n\n<p>Les donn\u00e9es personnelles sont collect\u00e9es sur notre site par la soci\u00e9t\u00e9 Soltis. Les coordonn\u00e9es du responsable de traitement de donn\u00e9es sont indiqu\u00e9es \u00e0 la fin de ce document.<\/p>\n\n\n\n<p><\/p>\n\n\n\n<div style=\"height:20px\" aria-hidden=\"true\" class=\"wp-block-spacer\"><\/div>\n\n\n\n<h2 class=\"wp-block-heading\">Donn\u00e9es collect\u00e9es sur le site<\/h2>\n\n\n\n<p>Lorsque vous vous inscrivez \u00e0 nos services, les donn\u00e9es suivantes sont collect\u00e9es et trait\u00e9es : email, civilit\u00e9, pr\u00e9nom, nom, le cas \u00e9ch\u00e9ant, mot de passe, adresse postale, num\u00e9ro de t\u00e9l\u00e9phone, adresse(s) IP et nom de domaine. En utilisant nos services, les donn\u00e9es suivantes sont collect\u00e9es et trait\u00e9es : donn\u00e9es de connexion et donn\u00e9es de navigation lorsque vous l&#8217;autorisez, historiques de commandes, r\u00e9clamations, incidents et correspondances sur notre site. Certaines donn\u00e9es sont collect\u00e9es automatiquement du fait de vos actions sur le site (voir le paragraphe relatif aux cookies ci-dessous).<\/p>\n\n\n\n<p><\/p>\n\n\n\n<div style=\"height:20px\" aria-hidden=\"true\" class=\"wp-block-spacer\"><\/div>\n\n\n\n<h2 class=\"wp-block-heading\">Finalit\u00e9s des traitements<\/h2>\n\n\n\n<p>L&#8217;objectif principal de la collecte de vos donn\u00e9es personnelles est de vous offrir une exp\u00e9rience s\u00fbre, optimale, efficace et personnalis\u00e9e. A cette fin, vous acceptez que nous puissions utiliser vos donn\u00e9es personnelles pour :<\/p>\n\n\n\n<ul class=\"wp-block-list\"><li>fournir nos services et en faciliter le fonctionnement, y compris en menant pour ce faire des v\u00e9rifications vous concernant ;<\/li><li>r\u00e9soudre les \u00e9ventuels probl\u00e8mes afin d&#8217;am\u00e9liorer l&#8217;utilisation de notre site et de nos services ;<\/li><li>personnaliser, \u00e9valuer, am\u00e9liorer nos services et documentation ;<\/li><li>analyser le volume et l&#8217;historique de votre utilisation de nos services ;<\/li><li>vous informer sur nos services et ceux de nos soci\u00e9t\u00e9s partenaires ;<\/li><li>respecter nos obligations l\u00e9gales et r\u00e9glementaires.<\/li><\/ul>\n\n\n\n<p>Pour nos newsletters et autres e-mails nous traitons vos donn\u00e9es personnelles sur la base du consentement explicite que vous avez donn\u00e9 \u00e0 cet effet. Vous pouvez facilement vous en d\u00e9sinscrire en suivant les liens de d\u00e9sinscription figurant dans chacun de ces emails.<\/p>\n\n\n\n<p>Sans que cela soit syst\u00e9matique, nous pouvons analyser et traquer les diff\u00e9rents taux (par exemple de clics, d&#8217;ouverture et le taux de rebond) et le nombre d&#8217;emails envoy\u00e9s afin de mesurer la performance de nos campagnes emailing.<\/p>\n\n\n\n<p><\/p>\n\n\n\n<div style=\"height:20px\" aria-hidden=\"true\" class=\"wp-block-spacer\"><\/div>\n\n\n\n<h2 class=\"wp-block-heading\">Destinataires de vos donn\u00e9es<\/h2>\n\n\n\n<p>Les donn\u00e9es personnelles vous concernant collect\u00e9es sur le site sont destin\u00e9es pour la propre utilisation par Soltis et peuvent \u00eatre transmises aux soci\u00e9t\u00e9s sous-traitantes auxquelles Soltis peut faire appel dans le cadre de l&#8217;ex\u00e9cution de ses services. Soltis assure la conformit\u00e9 avec les exigences de protection des donn\u00e9es pour toutes ses soci\u00e9t\u00e9s sous-traitantes.<\/p>\n\n\n\n<p>En aucun cas, Soltis ne transfert vos donn\u00e9es personnelles \u00e0 des tiers \u00e0 des fins de marketing,.<\/p>\n\n\n\n<p>En outre, Soltis ne divulgue pas vos donn\u00e9es personnelles \u00e0 des tiers, except\u00e9 si<\/p>\n\n\n\n<ol class=\"wp-block-list\"><li>vous en formulez la demande ou autorisez la divulgation.<\/li><li>la divulgation est requise pour traiter des transactions ou fournir des services que vous avez demand\u00e9s ;<\/li><li>Soltis est contrainte par une autorit\u00e9 gouvernementale ou un organisme de r\u00e9glementation, en cas de r\u00e9quisition judiciaire, de citation \u00e0 compara\u00eetre ou de toute autre exigence gouvernementale ou judiciaire similaire, ou pour \u00e9tablir ou d\u00e9fendre une demande l\u00e9gale ; ou<\/li><li>le tiers agit en tant que qu&#8217;agent ou de sous-traitant de Soltis dans l&#8217;ex\u00e9cution des services.<\/li><li>Vos droits \u00e0 la protection des donn\u00e9es<\/li><\/ol>\n\n\n\n<p>Conform\u00e9ment au R\u00e8glement Europ\u00e9en G\u00e9n\u00e9ral sur la Protection des Donn\u00e9es 2016\/679 (RGPD), vous disposez des droits d&#8217;acc\u00e8s, de rectification et de suppression des donn\u00e9es personnelles vous concernant que vous pouvez exercer en nous envoyant un e-mail \u00e0 l&#8217;adresse info@soltis.be<\/p>\n\n\n\n<p>Vos requ\u00eates seront trait\u00e9es dans les 30 jours. Nous pouvons vous demander \u00e0 ce que votre demande soit accompagn\u00e9e d&#8217;une photocopie de preuve d&#8217;identit\u00e9 ou d&#8217;autorit\u00e9.<\/p>\n\n\n\n<p>Vous conservez le droit de d\u00e9poser une r\u00e9clamation pour atteinte \u00e0 la protection de vos donn\u00e9es, aupr\u00e8s de cette autorit\u00e9 de contr\u00f4le.<\/p>\n\n\n\n<p>Autorit\u00e9 de Protection des Donn\u00e9es<br>Rue de la Presse 35<br>1000 Bruxelles<br>https:\/\/www.autoriteprotectiondonnees.be<br>contact@adp-gba.be<br>Cookies<\/p>\n\n\n\n<p>En r\u00e8gle g\u00e9n\u00e9rale, Soltis utilise les cookies aux fins d&#8217;am\u00e9liorer et personnaliser le site et\/ou en mesurer l&#8217;audience. Les cookies sont des petits fichiers enregistr\u00e9s sur le disque dur de votre ordinateur lors de votre navigation sur Internet et notamment sur nos sites. Un cookie ne sert pas \u00e0 recueillir des donn\u00e9es personnelles \u00e0 votre insu mais \u00e0 enregistrer des informations relatives \u00e0 votre navigation sur le site qui pourront \u00eatre directement lues par Soltis lors de vos visites et requ\u00eates ult\u00e9rieures sur le site.<\/p>\n\n\n\n<p>Si vous choisissez de refuser l&#8217;ensemble des cookies, votre navigation pourra \u00eatre r\u00e9duite pour acc\u00e9der \u00e0 certaines pages du site. Les cookies utilis\u00e9s par Soltis ont pour finalit\u00e9 de permettre ou faciliter la communication, de permettre la fourniture des services demand\u00e9s par les utilisateurs, de reconna\u00eetre les utilisateurs lors d&#8217;une prochaine visite, de s\u00e9curiser les paiements que les utilisateurs peuvent \u00eatre amen\u00e9s \u00e0 r\u00e9aliser, d&#8217;enregistrer la langue parl\u00e9e par les utilisateurs ou autres pr\u00e9f\u00e9rences n\u00e9cessaires \u00e0 la fourniture de nos services.<\/p>\n\n\n\n<p>Notre soci\u00e9t\u00e9 utilise aussi des outils d&#8217;analyse et de suivi (google analytics de mani\u00e8re anonyme) afin de mesurer les donn\u00e9es sur les sites Web et les donn\u00e9es num\u00e9riques pour obtenir un aper\u00e7u de la client\u00e8le, r\u00e9aliser des analyses sur l&#8217;exp\u00e9rience de navigation afin d&#8217;am\u00e9liorer le contenu et d&#8217;envoyer des publicit\u00e9s cibl\u00e9es.<\/p>\n\n\n\n<p>Par d\u00e9faut, les cookies ne sont pas automatiquement install\u00e9s (\u00e0 l&#8217;exception des cookies n\u00e9cessaires au fonctionnement du site et des services de Soltis, dont l&#8217;installation vous est signal\u00e9e par un bandeau). Conform\u00e9ment \u00e0 la r\u00e9glementation applicable, Soltis requerra votre autorisation avant d&#8217;implanter tout autre type de cookies sur votre disque dur. Afin d&#8217;\u00e9viter toute g\u00eane occasionn\u00e9e par ces demandes d&#8217;autorisation syst\u00e9matiques et profiter d&#8217;une navigation ininterrompue, vous pouvez configurer votre ordinateur afin d&#8217;accepter les cookies de Soltis ou nous pouvons m\u00e9moriser votre refus ou acceptation relatif \u00e0 certains cookies. Par d\u00e9faut les navigateurs acceptent tous les cookies.<\/p>\n\n\n\n<p>Lorsque vous acc\u00e9dez \u00e0 des sites tiers Soltis n&#8217;assume aucune responsabilit\u00e9 quant \u00e0 l&#8217;\u00e9ventuelle utilisation de cookies par ces tiers. Pour plus de pr\u00e9cisions, il vous est conseill\u00e9 de consulter directement sur ces sites annonceurs ou tiers leur politique en mati\u00e8re d&#8217;utilisation de cookies.<\/p>\n\n\n\n<p><\/p>\n\n\n\n<div style=\"height:20px\" aria-hidden=\"true\" class=\"wp-block-spacer\"><\/div>\n\n\n\n<h3 class=\"wp-block-heading\">CONSERVATION DES DONN\u00c9ES<\/h3>\n\n\n\n<p>Soltis collecte vos donn\u00e9es personnelles pour les besoins de l&#8217;ex\u00e9cution de ses obligations contractuelles ainsi que des informations sur la fa\u00e7on et la fr\u00e9quence d&#8217;utilisation de nos services et nous conservons ces donn\u00e9es dans des bases de donn\u00e9es actives, des fichiers journaux ou d&#8217;autres types de fichiers tant que vous utilisez nos services.<\/p>\n\n\n\n<p>Vous pourrez acc\u00e9der \u00e0 vos donn\u00e9es personnelles tant que votre compte reste actif et pour une p\u00e9riode qui peut varier selon le type de donn\u00e9es concern\u00e9es.<\/p>\n\n\n\n<p><\/p>\n\n\n\n<div style=\"height:20px\" aria-hidden=\"true\" class=\"wp-block-spacer\"><\/div>\n\n\n\n<h3 class=\"wp-block-heading\">LIEU DE STOCKAGE DES DONN\u00c9ES ET TRANSFERTS<\/h3>\n\n\n\n<p>Les serveurs d&#8217;h\u00e9bergement sur lesquels Soltis traite et stocke les bases de donn\u00e9es sont exclusivement situ\u00e9s au sein de l&#8217;Union Europ\u00e9enne.<\/p>\n\n\n\n<p>Soltis vous informera imm\u00e9diatement, dans la mesure o\u00f9 nous y sommes l\u00e9galement oblig\u00e9s, en cas de requ\u00eate provenant d&#8217;une autorit\u00e9 administrative ou judiciaire relative \u00e0 vos donn\u00e9es.<\/p>\n\n\n\n<p><\/p>\n\n\n\n<div style=\"height:20px\" aria-hidden=\"true\" class=\"wp-block-spacer\"><\/div>\n\n\n\n<h3 class=\"wp-block-heading\">S\u00c9CURIT\u00c9<\/h3>\n\n\n\n<p>Dans le cadre de ses services, Soltis accorde la plus haute importance \u00e0 la s\u00e9curit\u00e9 et \u00e0 l&#8217;int\u00e9grit\u00e9 des donn\u00e9es personnelles de ses clients.<\/p>\n\n\n\n<p>Ainsi, et conform\u00e9ment au RGPD, Soltis s&#8217;engage \u00e0 prendre toutes pr\u00e9cautions utiles afin de pr\u00e9server la s\u00e9curit\u00e9 des donn\u00e9es et notamment de les prot\u00e9ger contre toute destruction accidentelle ou illicite, perte accidentelle, alt\u00e9ration, diffusion ou acc\u00e8s non autoris\u00e9s, ainsi que contre toute autre forme de traitement illicite ou communication \u00e0 des personnes non autoris\u00e9es.<\/p>\n\n\n\n<p>A cette fin, Soltis met en \u0153uvre les mesures de s\u00e9curit\u00e9 standard de l&#8217;industrie pour prot\u00e9ger les donn\u00e9es personnelles d&#8217;une divulgation non autoris\u00e9e. En utilisant les m\u00e9thodes d&#8217;encodage recommand\u00e9es par l&#8217;industrie, Soltis prend les mesures n\u00e9cessaires pour prot\u00e9ger les informations li\u00e9es aux r\u00e8glements et aux cartes bancaires et de cr\u00e9dit.<\/p>\n\n\n\n<p>Par ailleurs, afin d&#8217;\u00e9viter notamment tout acc\u00e8s non autoris\u00e9, de garantir l&#8217;exactitude et une bonne utilisation des donn\u00e9es, Soltis a mis en place des proc\u00e9dures \u00e9lectroniques, physiques et d&#8217;encadrement appropri\u00e9es en vue de sauvegarder et pr\u00e9server les donn\u00e9es recueillies \u00e0 travers ses services.<\/p>\n\n\n\n<p>Malgr\u00e9 tout, personne ne peut se consid\u00e9rer comme \u00e9tant compl\u00e8tement \u00e0 l&#8217;abri d&#8217;une attaque de pirates. C&#8217;est pourquoi dans le cas o\u00f9 une faille de s\u00e9curit\u00e9 venait \u00e0 vous impacter, Soltis s&#8217;engage \u00e0 vous en informer d\u00e8s que possible et \u00e0 faire ses meilleurs efforts pour prendre toutes les mesures possibles pour neutraliser l&#8217;intrusion et en minimiser les impacts. Dans le cas o\u00f9 vous subiriez un dommage du fait de l&#8217;exploitation d&#8217;une faille de s\u00e9curit\u00e9 par un tiers, Soltis s&#8217;engage \u00e0 vous fournir toute l&#8217;assistance n\u00e9cessaire afin que vous puissiez faire valoir vos droits.<\/p>\n\n\n\n<p>Il convient de garder \u00e0 l&#8217;esprit que tout utilisateur, client ou pirate d\u00e9couvrant une faille de s\u00e9curit\u00e9 et l&#8217;exploitant s&#8217;expose \u00e0 des sanctions p\u00e9nales et que Soltis prendra toutes mesures, y compris par le biais d&#8217;un d\u00e9p\u00f4t de plainte et\/ou d&#8217;une action en justice, pour pr\u00e9server les donn\u00e9es et droits de ses utilisateurs et les siens et d&#8217;en limiter l&#8217;impact au maximum.<\/p>\n\n\n\n<div style=\"height:20px\" aria-hidden=\"true\" class=\"wp-block-spacer\"><\/div>\n\n\n\n<h3 class=\"wp-block-heading\">MODIFICATION DE LA POLITIQUE DE CONFIDENTIALIT\u00c9<\/h3>\n\n\n\n<p>Soltis se r\u00e9serve le droit de faire \u00e9voluer la pr\u00e9sente Politique de confidentialit\u00e9 \u00e0 tout moment, notamment en application des changements apport\u00e9s aux lois et r\u00e9glementations en vigueur. Les modifications apport\u00e9es vous seront notifi\u00e9es via notre site web ou par email, dans la mesure du possible trente (30) jours au moins avant que ceux-ci n&#8217;entrent en application. Nous vous recommandons de v\u00e9rifier ces r\u00e8gles de temps en temps pour rester inform\u00e9 de nos proc\u00e9dures et r\u00e8gles concernant vos informations personnelles.<\/p>\n\n\n\n<div style=\"height:20px\" aria-hidden=\"true\" class=\"wp-block-spacer\"><\/div>\n\n\n\n<h3 class=\"wp-block-heading\">CONTACTEZ NOUS<\/h3>\n\n\n\n<p>Pour toute question visitez notre page de contact Soltis. Vous pouvez aussi nous contacter par email \u00e0 l&#8217;adresse info@soltis.be ou par courrier : Soltis Avenue Henri Dunant 31, &#8211; 1140 Bruxelles<\/p>\n<\/div><\/div>\n\n\n\n<div style=\"height:100px\" aria-hidden=\"true\" class=\"wp-block-spacer\"><\/div>\n","protected":false},"excerpt":{"rendered":"<p>La confidentialit\u00e9 et la s\u00e9curit\u00e9 sont de la plus haute importance pour la soci\u00e9t\u00e9 SOLTIS SA (ci-apr\u00e8s Soltis ou nous ou notre soci\u00e9t\u00e9) ayant son si\u00e8ge \u00e0 Avenue Henri Dunant 31, 1140 Bruxelles d&#8217;entreprise BE0897785181. Nous faisons tout pour assurer que nos mesures techniques et organisationnelles en place respectent vos droits relatifs \u00e0 la protection [&hellip;]<\/p>\n","protected":false},"author":2,"featured_media":0,"parent":0,"menu_order":0,"comment_status":"closed","ping_status":"closed","template":"","meta":{"_acf_changed":false,"content-type":"","footnotes":""},"slider":[],"class_list":["post-1379","page","type-page","status-publish","hentry"],"acf":[],"_links":{"self":[{"href":"https:\/\/soltis.be\/nl\/wp-json\/wp\/v2\/pages\/1379","targetHints":{"allow":["GET"]}}],"collection":[{"href":"https:\/\/soltis.be\/nl\/wp-json\/wp\/v2\/pages"}],"about":[{"href":"https:\/\/soltis.be\/nl\/wp-json\/wp\/v2\/types\/page"}],"author":[{"embeddable":true,"href":"https:\/\/soltis.be\/nl\/wp-json\/wp\/v2\/users\/2"}],"replies":[{"embeddable":true,"href":"https:\/\/soltis.be\/nl\/wp-json\/wp\/v2\/comments?post=1379"}],"version-history":[{"count":1,"href":"https:\/\/soltis.be\/nl\/wp-json\/wp\/v2\/pages\/1379\/revisions"}],"predecessor-version":[{"id":1380,"href":"https:\/\/soltis.be\/nl\/wp-json\/wp\/v2\/pages\/1379\/revisions\/1380"}],"wp:attachment":[{"href":"https:\/\/soltis.be\/nl\/wp-json\/wp\/v2\/media?parent=1379"}],"wp:term":[{"taxonomy":"slider","embeddable":true,"href":"https:\/\/soltis.be\/nl\/wp-json\/wp\/v2\/slider?post=1379"}],"curies":[{"name":"wp","href":"https:\/\/api.w.org\/{rel}","templated":true}]}}