{"id":3867,"date":"2024-02-13T14:28:11","date_gmt":"2024-02-13T13:28:11","guid":{"rendered":"https:\/\/soltis.be\/producten\/beschrijving-belga-fotovoltaisch-zonnepaneel\/"},"modified":"2024-07-10T11:34:56","modified_gmt":"2024-07-10T10:34:56","slug":"beschrijving-belga-fotovoltaisch-zonnepaneel","status":"publish","type":"page","link":"https:\/\/soltis.be\/nl\/producten\/beschrijving-belga-fotovoltaisch-zonnepaneel\/","title":{"rendered":"Factsheet : Belga Solar &#8221; Ontwerp"},"content":{"rendered":"\n<div class=\"wp-block-group container\"><div class=\"wp-block-group__inner-container is-layout-flow wp-block-group-is-layout-flow\">\n<div class=\"wp-block-columns is-layout-flex wp-container-core-columns-is-layout-1 wp-block-columns-is-layout-flex\">\n<div class=\"wp-block-column is-layout-flow wp-block-column-is-layout-flow\" style=\"flex-basis:100%\">\n<p class=\"has-text-align-center\" style=\"font-size:19px\">Ontdek de uitmuntendheid van zonne-energie met ons Belga Solar paneel, ontworpen <strong>en geproduceerd in Belgi\u00eb<\/strong>. De combinatie van geavanceerde prestaties en uitzonderlijke duurzaamheid voldoet aan de hoogste normen voor betrouwbare energieproductie.<\/p>\n\n\n\n\n\n<div style=\"height:100px\" aria-hidden=\"true\" class=\"wp-block-spacer\"><\/div>\n\n\n\n<h2 class=\"wp-block-heading\">Fotovolta\u00efsch paneel<\/h2>\n\n\n\n<blockquote class=\"wp-block-quote is-layout-flow wp-block-quote-is-layout-flow\">\n<ul class=\"wp-block-list\">\n<li>&#8211;<strong>\n  <em>Ontworpen en gemaakt in Belgi\u00eb!<\/em>\n<\/strong><\/li>\n\n\n\n<li><strong>-410 Wp<\/strong><\/li>\n\n\n\n<li>-Volledig<strong>zwart<\/strong><\/li>\n\n\n\n<li>-Afmetingen<strong>: 173,6 x 114,6 x 3,5 cm<\/strong><\/li>\n\n\n\n<li>-Gewicht<strong>: 22,5 kg<\/strong><\/li>\n\n\n\n<li>&#8211;<strong>\n  <em>Productgarantie: 25 jaar<\/em>\n<\/strong><\/li>\n\n\n\n<li>&#8211;<strong>Prestatiegarantie:<em> 85% van de productie na 25 jaar<\/em><\/strong><\/li>\n<\/ul>\n<\/blockquote>\n\n\n\n<p><\/p>\n\n\n\n<p><\/p>\n\n\n\n<figure class=\"wp-block-image size-full is-style-default\"><img loading=\"lazy\" decoding=\"async\" width=\"551\" height=\"712\" src=\"https:\/\/soltis.be\/wp-content\/uploads\/2024\/02\/belgasolardesign1.jpg\" alt=\"\" class=\"wp-image-3954\" srcset=\"https:\/\/soltis.be\/wp-content\/uploads\/2024\/02\/belgasolardesign1.jpg 551w, https:\/\/soltis.be\/wp-content\/uploads\/2024\/02\/belgasolardesign1-232x300.jpg 232w\" sizes=\"auto, (max-width: 551px) 100vw, 551px\" \/><\/figure>\n\n\n<figure class=\"wp-block-image size-full is-resized\"><img loading=\"lazy\" decoding=\"async\" width=\"536\" height=\"354\" src=\"https:\/\/soltis.be\/wp-content\/uploads\/2024\/02\/belgasolardesign_graph.jpg\" alt=\"\" class=\"wp-image-3958\" style=\"aspect-ratio:1.626740947075209;width:554px;height:auto\" srcset=\"https:\/\/soltis.be\/wp-content\/uploads\/2024\/02\/belgasolardesign_graph.jpg 536w, https:\/\/soltis.be\/wp-content\/uploads\/2024\/02\/belgasolardesign_graph-300x198.jpg 300w\" sizes=\"auto, (max-width: 536px) 100vw, 536px\" \/><\/figure>\n\n\n<div data-wp-interactive=\"core\/file\" class=\"wp-block-file\"><object data-wp-bind--hidden=\"!state.hasPdfPreview\" hidden class=\"wp-block-file__embed\" data=\"https:\/\/soltis.be\/wp-content\/uploads\/2024\/02\/BelgasolarCover-Produits-FR-233-1.pdf\" type=\"application\/pdf\" style=\"width:100%;height:600px\" aria-label=\"Insluiting van BelgasolarCover-Produits-FR-233-1.\"><\/object><a id=\"wp-block-file--media-8f7db810-5c9c-4fb7-9bd9-842f2379bb71\" href=\"https:\/\/soltis.be\/wp-content\/uploads\/2024\/02\/BelgasolarCover-Produits-FR-233-1.pdf\">BelgasolarBekledingProducten-EN-233-1<\/a><a href=\"https:\/\/soltis.be\/wp-content\/uploads\/2024\/02\/BelgasolarCover-Produits-FR-233-1.pdf\" class=\"wp-block-file__button wp-element-button\" download=\"\" aria-describedby=\"wp-block-file--media-8f7db810-5c9c-4fb7-9bd9-842f2379bb71\"><\/a><\/div>\n\n\n\n<div data-wp-interactive=\"core\/file\" class=\"wp-block-file\"><object data-wp-bind--hidden=\"!state.hasPdfPreview\" hidden class=\"wp-block-file__embed\" data=\"https:\/\/soltis.be\/wp-content\/uploads\/2024\/02\/belgasolar_Design_NL.pdf\" type=\"application\/pdf\" style=\"width:100%;height:600px\" aria-label=\"Insluiting van belgasolar_Design_NL.\"><\/object><a id=\"wp-block-file--media-7e748bb3-18c7-423b-bf07-5e3b0817878d\" href=\"https:\/\/soltis.be\/wp-content\/uploads\/2024\/02\/belgasolar_Design_NL.pdf\">belgasolar_Design_NL<\/a><a href=\"https:\/\/soltis.be\/wp-content\/uploads\/2024\/02\/belgasolar_Design_NL.pdf\" class=\"wp-block-file__button wp-element-button\" download=\"\" aria-describedby=\"wp-block-file--media-7e748bb3-18c7-423b-bf07-5e3b0817878d\"><\/a><\/div>\n\n\n\n<p><\/p>\n\n\n\n<hr class=\"wp-block-separator has-alpha-channel-opacity\"\/>\n<\/div>\n<\/div>\n\n\n\n<p><strong>Ben je ge\u00efnteresseerd in een rendabiliteitsstudie voor je fotovolta\u00efsche installatie?  <\/strong><\/p>\n\n\n\n<p><strong>Aarzel niet om <a href=\"https:\/\/soltis.be\/nl\/offerte\/\" target=\"_blank\" rel=\"noreferrer noopener\">\n  <em>voor een gratis gedetailleerde offerte!<\/em>\n<\/a><\/strong><\/p>\n<\/div><\/div>\n\n<div style=\"height:100px\" aria-hidden=\"true\" class=\"wp-block-spacer\"><\/div>\n\n<p><\/p>\n\n<p><\/p>\n\n<p><\/p>\n\n<div class=\"wp-block-group\"><div class=\"wp-block-group__inner-container is-layout-flow wp-block-group-is-layout-flow\">\n<div class=\"wp-block-soltis-section-image my-principles\" style=\"background-image:url(https:\/\/www.soltis.be\/wp-content\/uploads\/2020\/08\/section5.jpg);background-size:cover;background-position:center;width:100%;height:300px;position:relative;background-color:#757575\"><div style=\"position:absolute;top:0px;left:0px;width:100%;height:100%;background-color:rgba(0, 0, 0, 0.5)\"><\/div><\/div>\n\n\n\n<div class=\"wp-block-group\"><div class=\"wp-block-group__inner-container is-layout-flow wp-block-group-is-layout-flow\">\n<div class=\"wp-block-soltis-title section-title center titre-top-front-page principles\"><h2>onze services<\/h2><span class=\"d-line\"><\/span><\/div>\n<\/div><\/div>\n\n\n\n<div class=\"wp-block-columns container container-950 z-10 is-layout-flex wp-container-core-columns-is-layout-2 wp-block-columns-is-layout-flex\">\n<div class=\"wp-block-column is-layout-flow wp-block-column-is-layout-flow\">\n<div class=\"wp-block-soltis-group-services principles-box white\"><i class=\"icons-eco-particulier\"><\/i><h4>Individuen<\/h4><ul><li><a href=\"\/services\/photovoltaique\/\">Fotovolta\u00efsch<\/a><\/li><li><a href=\"\/services\/borne-de-recharge\/\">Oplaadstation<\/a><\/li><li><a href=\"https:\/\/soltis.be\/nl\/particulieren\/realisations\/\">Onze prestaties<\/a><\/li><li><br><br><\/li><\/ul><a href=\"https:\/\/soltis.be\/nl\/particulieren\/\" class=\"button circular\">Diensten voor particulieren<\/a><\/div>\n<\/div>\n\n\n\n<div class=\"wp-block-column is-layout-flow wp-block-column-is-layout-flow\">\n<div class=\"wp-block-soltis-group-services principles-box white\"><i class=\"icons-eco-entreprise\"><\/i><h4>Bedrijven<\/h4><ul><li><a href=\"\/services\/photovoltaique-2\/\">Fotovolta\u00efsch<\/a><\/li><li>Carport in de schaduw van de zon<\/li><li><a href=\"\/services\/led\/\">LED<\/a><\/li><li><a href=\"\/services\/borne-electrique-2\/\">Oplaadstation<\/a><\/li><li><a href=\"https:\/\/soltis.be\/nl\/bedrijven\/prestaties\/\">Onze prestaties<\/a><\/li><li><\/ul><a href=\"https:\/\/soltis.be\/nl\/bedrijven\/\" class=\"button circular\">Diensten voor bedrijven<\/a><\/div>\n<\/div>\n<\/div>\n<\/div><\/div>\n\n<p><\/p>\n","protected":false},"excerpt":{"rendered":"<p>Ontdek de uitmuntendheid van zonne-energie met ons Belga Solar paneel, ontworpen en geproduceerd in Belgi\u00eb. De combinatie van geavanceerde prestaties en uitzonderlijke duurzaamheid voldoet aan de hoogste normen voor betrouwbare energieproductie. Fotovolta\u00efsch paneel Ben je ge\u00efnteresseerd in een rendabiliteitsstudie voor je fotovolta\u00efsche installatie? Aarzel niet om voor een gratis gedetailleerde offerte!<\/p>\n","protected":false},"author":9,"featured_media":0,"parent":3844,"menu_order":0,"comment_status":"closed","ping_status":"closed","template":"","meta":{"_acf_changed":false,"content-type":"","footnotes":""},"slider":[],"class_list":["post-3867","page","type-page","status-publish","hentry"],"acf":[],"_links":{"self":[{"href":"https:\/\/soltis.be\/nl\/wp-json\/wp\/v2\/pages\/3867","targetHints":{"allow":["GET"]}}],"collection":[{"href":"https:\/\/soltis.be\/nl\/wp-json\/wp\/v2\/pages"}],"about":[{"href":"https:\/\/soltis.be\/nl\/wp-json\/wp\/v2\/types\/page"}],"author":[{"embeddable":true,"href":"https:\/\/soltis.be\/nl\/wp-json\/wp\/v2\/users\/9"}],"replies":[{"embeddable":true,"href":"https:\/\/soltis.be\/nl\/wp-json\/wp\/v2\/comments?post=3867"}],"version-history":[{"count":16,"href":"https:\/\/soltis.be\/nl\/wp-json\/wp\/v2\/pages\/3867\/revisions"}],"predecessor-version":[{"id":4084,"href":"https:\/\/soltis.be\/nl\/wp-json\/wp\/v2\/pages\/3867\/revisions\/4084"}],"up":[{"embeddable":true,"href":"https:\/\/soltis.be\/nl\/wp-json\/wp\/v2\/pages\/3844"}],"wp:attachment":[{"href":"https:\/\/soltis.be\/nl\/wp-json\/wp\/v2\/media?parent=3867"}],"wp:term":[{"taxonomy":"slider","embeddable":true,"href":"https:\/\/soltis.be\/nl\/wp-json\/wp\/v2\/slider?post=3867"}],"curies":[{"name":"wp","href":"https:\/\/api.w.org\/{rel}","templated":true}]}}