{"id":4063,"date":"2024-02-14T14:05:01","date_gmt":"2024-02-14T13:05:01","guid":{"rendered":"https:\/\/soltis.be\/producten\/beschrijving-sma-sunny-boy-sma-sunny-tripower\/"},"modified":"2024-07-10T11:41:12","modified_gmt":"2024-07-10T10:41:12","slug":"beschrijving-sma-sunny-boy-sma-sunny-tripower","status":"publish","type":"page","link":"https:\/\/soltis.be\/nl\/producten\/beschrijving-sma-sunny-boy-sma-sunny-tripower\/","title":{"rendered":"Beschrijving : SMA Sunny Boy \/ SMA Sunny Tripower"},"content":{"rendered":"\n<div class=\"wp-block-group container\"><div class=\"wp-block-group__inner-container is-layout-flow wp-block-group-is-layout-flow\">\n<div class=\"wp-block-columns is-layout-flex wp-container-core-columns-is-layout-1 wp-block-columns-is-layout-flex\">\n<div class=\"wp-block-column is-layout-flow wp-block-column-is-layout-flow\" style=\"flex-basis:100%\">\n<p class=\"has-text-align-center\" style=\"font-size:19px\">Optimaliseer je zonne-energieproductie met SMA omvormers. Deze omvormer garandeert maximale prestaties en combineert SMA Smart Connected connectiviteit en intelligente technologie in een compact ontwerp voor snelle installatie. De inbedrijfstelling wordt vereenvoudigd via de ge\u00efntegreerde webinterface, die toegankelijk is vanaf een smartphone of tablet.<\/p>\n\n\n\n\n\n<div style=\"height:100px\" aria-hidden=\"true\" class=\"wp-block-spacer\"><\/div>\n\n\n\n<h2 class=\"wp-block-heading\">Omvormers  <\/h2>\n\n\n\n<blockquote class=\"wp-block-quote is-layout-flow wp-block-quote-is-layout-flow\">\n<ul class=\"wp-block-list\">\n<li><strong>\n  <em>Ontworpen en<\/em>\n<\/strong> <strong>\n  <em>gemaakt in Duitsland<\/em>\n<\/strong><\/li>\n\n\n\n<li><strong>Enkelfasig<\/strong> of <strong>\n  <em>driefasig<\/em>\n<\/strong><\/li>\n\n\n\n<li>Vermogen : <strong>\n  <em>van 1,5 tot 10 kVA<\/em>\n<\/strong><\/li>\n\n\n\n<li><strong>Compatibel met de SMA Home Manager-serie<\/strong><\/li>\n<\/ul>\n<\/blockquote>\n\n\n\n<p><\/p>\n\n\n\n<figure class=\"wp-block-image size-large is-resized is-style-default\"><img loading=\"lazy\" decoding=\"async\" width=\"1024\" height=\"662\" src=\"https:\/\/soltis.be\/wp-content\/uploads\/2024\/02\/sunnyboy_onduleur-1024x662.jpg\" alt=\"\" class=\"wp-image-4047\" style=\"aspect-ratio:1.5468277945619335;width:853px;height:auto\" srcset=\"https:\/\/soltis.be\/wp-content\/uploads\/2024\/02\/sunnyboy_onduleur-1024x662.jpg 1024w, https:\/\/soltis.be\/wp-content\/uploads\/2024\/02\/sunnyboy_onduleur-300x194.jpg 300w, https:\/\/soltis.be\/wp-content\/uploads\/2024\/02\/sunnyboy_onduleur-768x497.jpg 768w, https:\/\/soltis.be\/wp-content\/uploads\/2024\/02\/sunnyboy_onduleur.jpg 1073w\" sizes=\"auto, (max-width: 1024px) 100vw, 1024px\" \/><\/figure>\n\n\n<p><\/p>\n\n\n\n<figure class=\"wp-block-image size-full is-resized\"><img loading=\"lazy\" decoding=\"async\" width=\"643\" height=\"386\" src=\"https:\/\/soltis.be\/wp-content\/uploads\/2024\/02\/sunnytripower.jpg\" alt=\"\" class=\"wp-image-4050\" style=\"aspect-ratio:1.626740947075209;width:841px;height:auto\" srcset=\"https:\/\/soltis.be\/wp-content\/uploads\/2024\/02\/sunnytripower.jpg 643w, https:\/\/soltis.be\/wp-content\/uploads\/2024\/02\/sunnytripower-300x180.jpg 300w\" sizes=\"auto, (max-width: 643px) 100vw, 643px\" \/><\/figure>\n\n\n<figure class=\"wp-block-image size-full is-resized\"><img loading=\"lazy\" decoding=\"async\" width=\"783\" height=\"517\" src=\"https:\/\/soltis.be\/wp-content\/uploads\/2024\/02\/sunnytripower-graph.jpg\" alt=\"\" class=\"wp-image-4053\" style=\"aspect-ratio:2.958974358974359;width:791px;height:auto\" srcset=\"https:\/\/soltis.be\/wp-content\/uploads\/2024\/02\/sunnytripower-graph.jpg 783w, https:\/\/soltis.be\/wp-content\/uploads\/2024\/02\/sunnytripower-graph-300x198.jpg 300w, https:\/\/soltis.be\/wp-content\/uploads\/2024\/02\/sunnytripower-graph-768x507.jpg 768w\" sizes=\"auto, (max-width: 783px) 100vw, 783px\" \/><\/figure>\n\n\n<div data-wp-interactive=\"core\/file\" class=\"wp-block-file\"><object data-wp-bind--hidden=\"!state.hasPdfPreview\" hidden class=\"wp-block-file__embed\" data=\"https:\/\/soltis.be\/wp-content\/uploads\/2024\/02\/SMA-SB-3.0-6.0-Fiche-technique.pdf\" type=\"application\/pdf\" style=\"width:100%;height:600px\" aria-label=\"Insluiting van SMA-SB-3.0-6.0-Fiche-technique.\"><\/object><a id=\"wp-block-file--media-6421bf01-0573-41a5-9b78-e39809130c5f\" href=\"https:\/\/soltis.be\/wp-content\/uploads\/2024\/02\/SMA-SB-3.0-6.0-Fiche-technique.pdf\">SMA-SB-3.0-6.0-Fiche-technique<\/a><a href=\"https:\/\/soltis.be\/wp-content\/uploads\/2024\/02\/SMA-SB-3.0-6.0-Fiche-technique.pdf\" class=\"wp-block-file__button wp-element-button\" download=\"\" aria-describedby=\"wp-block-file--media-6421bf01-0573-41a5-9b78-e39809130c5f\"><\/a><\/div>\n\n\n\n<div data-wp-interactive=\"core\/file\" class=\"wp-block-file\"><object data-wp-bind--hidden=\"!state.hasPdfPreview\" hidden class=\"wp-block-file__embed\" data=\"https:\/\/soltis.be\/wp-content\/uploads\/2024\/02\/SMA-STP8-10-3AV-40-DS-en-32.pdf\" type=\"application\/pdf\" style=\"width:100%;height:600px\" aria-label=\"Insluiting van SMA-STP8-10-3AV-40-DS-en-32.\"><\/object><a id=\"wp-block-file--media-12adf0ea-f19a-4e59-8630-b959d6f030f0\" href=\"https:\/\/soltis.be\/wp-content\/uploads\/2024\/02\/SMA-STP8-10-3AV-40-DS-en-32.pdf\">SMA-STP8-10-3AV-40-DS-en-32<\/a><a href=\"https:\/\/soltis.be\/wp-content\/uploads\/2024\/02\/SMA-STP8-10-3AV-40-DS-en-32.pdf\" class=\"wp-block-file__button wp-element-button\" download=\"\" aria-describedby=\"wp-block-file--media-12adf0ea-f19a-4e59-8630-b959d6f030f0\"><\/a><\/div>\n\n\n\n<hr class=\"wp-block-separator has-alpha-channel-opacity\"\/>\n<\/div>\n<\/div>\n\n\n\n<p><strong>Ben je ge\u00efnteresseerd in een rendabiliteitsstudie voor je fotovolta\u00efsche installatie?  <\/strong><\/p>\n\n\n\n<p><strong>Aarzel niet om <a href=\"https:\/\/soltis.be\/nl\/offerte\/\" target=\"_blank\" rel=\"noreferrer noopener\">\n  <em>voor een gratis gedetailleerde offerte!<\/em>\n<\/a><\/strong><\/p>\n<\/div><\/div>\n\n<div style=\"height:100px\" aria-hidden=\"true\" class=\"wp-block-spacer\"><\/div>\n\n<div class=\"wp-block-group\"><div class=\"wp-block-group__inner-container is-layout-flow wp-block-group-is-layout-flow\">\n<div class=\"wp-block-soltis-section-image my-principles\" style=\"background-image:url(https:\/\/www.soltis.be\/wp-content\/uploads\/2020\/08\/section5.jpg);background-size:cover;background-position:center;width:100%;height:300px;position:relative;background-color:#757575\"><div style=\"position:absolute;top:0px;left:0px;width:100%;height:100%;background-color:rgba(0, 0, 0, 0.5)\"><\/div><\/div>\n\n\n\n<div class=\"wp-block-group\"><div class=\"wp-block-group__inner-container is-layout-flow wp-block-group-is-layout-flow\">\n<div class=\"wp-block-soltis-title section-title center titre-top-front-page principles\"><h2>onze services<\/h2><span class=\"d-line\"><\/span><\/div>\n<\/div><\/div>\n\n\n\n<div class=\"wp-block-columns container container-950 z-10 is-layout-flex wp-container-core-columns-is-layout-2 wp-block-columns-is-layout-flex\">\n<div class=\"wp-block-column is-layout-flow wp-block-column-is-layout-flow\">\n<div class=\"wp-block-soltis-group-services principles-box white\"><i class=\"icons-eco-particulier\"><\/i><h4>Individuen<\/h4><ul><li><a href=\"\/services\/photovoltaique\/\">Fotovolta\u00efsch<\/a><\/li><li><a href=\"\/services\/borne-de-recharge\/\">Oplaadstation<\/a><\/li><li><a href=\"https:\/\/soltis.be\/nl\/particulieren\/realisations\/\">Onze prestaties<\/a><\/li><li><br><br><\/li><\/ul><a href=\"https:\/\/soltis.be\/nl\/particulieren\/\" class=\"button circular\">Diensten voor particulieren<\/a><\/div>\n<\/div>\n\n\n\n<div class=\"wp-block-column is-layout-flow wp-block-column-is-layout-flow\">\n<div class=\"wp-block-soltis-group-services principles-box white\"><i class=\"icons-eco-entreprise\"><\/i><h4>Bedrijven<\/h4><ul><li><a href=\"\/services\/photovoltaique-2\/\">Fotovolta\u00efsch<\/a><\/li><li>Carport in de schaduw van de zon<\/li><li><a href=\"\/services\/led\/\">LED<\/a><\/li><li><a href=\"\/services\/borne-electrique-2\/\">Oplaadstation<\/a><\/li><li><a href=\"https:\/\/soltis.be\/nl\/bedrijven\/prestaties\/\">Onze prestaties<\/a><\/li><li><\/ul><a href=\"https:\/\/soltis.be\/nl\/bedrijven\/\" class=\"button circular\">Diensten voor bedrijven<\/a><\/div>\n<\/div>\n<\/div>\n<\/div><\/div>\n\n<p><\/p>\n","protected":false},"excerpt":{"rendered":"<p>Optimaliseer je zonne-energieproductie met SMA omvormers. Deze omvormer garandeert maximale prestaties en combineert SMA Smart Connected connectiviteit en intelligente technologie in een compact ontwerp voor snelle installatie. De inbedrijfstelling wordt vereenvoudigd via de ge\u00efntegreerde webinterface, die toegankelijk is vanaf een smartphone of tablet. Omvormers Ben je ge\u00efnteresseerd in een rendabiliteitsstudie voor je fotovolta\u00efsche installatie? Aarzel [&hellip;]<\/p>\n","protected":false},"author":9,"featured_media":0,"parent":3844,"menu_order":0,"comment_status":"closed","ping_status":"closed","template":"","meta":{"_acf_changed":false,"content-type":"","footnotes":""},"slider":[],"class_list":["post-4063","page","type-page","status-publish","hentry"],"acf":[],"_links":{"self":[{"href":"https:\/\/soltis.be\/nl\/wp-json\/wp\/v2\/pages\/4063","targetHints":{"allow":["GET"]}}],"collection":[{"href":"https:\/\/soltis.be\/nl\/wp-json\/wp\/v2\/pages"}],"about":[{"href":"https:\/\/soltis.be\/nl\/wp-json\/wp\/v2\/types\/page"}],"author":[{"embeddable":true,"href":"https:\/\/soltis.be\/nl\/wp-json\/wp\/v2\/users\/9"}],"replies":[{"embeddable":true,"href":"https:\/\/soltis.be\/nl\/wp-json\/wp\/v2\/comments?post=4063"}],"version-history":[{"count":2,"href":"https:\/\/soltis.be\/nl\/wp-json\/wp\/v2\/pages\/4063\/revisions"}],"predecessor-version":[{"id":4091,"href":"https:\/\/soltis.be\/nl\/wp-json\/wp\/v2\/pages\/4063\/revisions\/4091"}],"up":[{"embeddable":true,"href":"https:\/\/soltis.be\/nl\/wp-json\/wp\/v2\/pages\/3844"}],"wp:attachment":[{"href":"https:\/\/soltis.be\/nl\/wp-json\/wp\/v2\/media?parent=4063"}],"wp:term":[{"taxonomy":"slider","embeddable":true,"href":"https:\/\/soltis.be\/nl\/wp-json\/wp\/v2\/slider?post=4063"}],"curies":[{"name":"wp","href":"https:\/\/api.w.org\/{rel}","templated":true}]}}